{"id":141,"date":"2025-05-14T20:26:09","date_gmt":"2025-05-14T18:26:09","guid":{"rendered":"http:\/\/127.0.0.1:8000\/?page_id=141"},"modified":"2025-10-07T16:27:46","modified_gmt":"2025-10-07T14:27:46","slug":"benefices-2","status":"publish","type":"page","link":"https:\/\/maison-neurofeedback.fr\/?page_id=141","title":{"rendered":"BENEFICES"},"content":{"rendered":"\n<h1 class=\"wp-block-heading\">BIENFAITS<\/h1>\n\n\n\n<h1 class=\"wp-block-heading\" id=\"les-avantages-et-les-bienfaits-du-dynamical-neurofeedback\"><strong>Les avantages et les bienfaits du Dynamical Neurofeedback<\/strong><sup><strong>\u00ae<\/strong><\/sup><strong><\/strong><\/h1>\n\n\n\n<figure class=\"wp-block-image\"><img decoding=\"async\" src=\"https:\/\/reguletoncerveau.com\/wp-content\/uploads\/2019\/02\/famille-hereux-766x431.jpg\" alt=\"Dynamical Neurofeedback\" class=\"wp-image-231\"\/><\/figure>\n\n\n\n<p><strong>Pour toutes les situations ci-dessous observ\u00e9es par les clients, l\u2019entra\u00eenement avec leDynamical Neurofeedback<sup><strong>\u00ae<\/strong><\/sup> am\u00e9liore le bien-\u00eatre de fa\u00e7on g\u00e9n\u00e9rale . La fr\u00e9quence et le nombre de s\u00e9ances d\u00e9pendent de chacun.<\/strong><\/p>\n\n\n\n<p class=\"has-vivid-cyan-blue-color has-text-color has-link-color has-medium-font-size wp-elements-dcec2e0a6d0858c6bd76aedfaff30fbd\"><strong>Dynamical Neurofeedback<sup><strong>\u00ae<\/strong><\/sup><\/strong>&nbsp;pour mieux g\u00e9rer le&nbsp;<strong>Stress&nbsp;:<\/strong><\/p>\n\n\n\n<p>Rapidement les effets du stress sont diminu\u00e9s, on ressent une sensation d\u2019apaisement qui entraine un meilleur sommeil, une confiance renforc\u00e9e, une clart\u00e9 d\u2019esprit retrouv\u00e9e. On profite pleinement du moment pr\u00e9sent.&nbsp;Il y a une am\u00e9lioration de son quotidien et de celui de son entourage.<\/p>\n\n\n\n<p class=\"has-vivid-cyan-blue-color has-text-color has-link-color has-medium-font-size wp-elements-b8339de3e5572d21316d87a8c495b06d\"><strong>Dynamical Neurofeedback<sup><strong>\u00ae<\/strong><\/sup><\/strong>&nbsp;peut soulager l\u2019<strong>Angoisse&nbsp;:<\/strong><\/p>\n\n\n\n<p>Qu\u2019elles soient r\u00e9centes ou d\u00e9j\u00e0 anciennes une am\u00e9lioration rapide est not\u00e9e sur les angoisses avec un meilleur endormissement, une diminution des situations de panique mais surtout une facilit\u00e9 \u00e0 apaiser la crise puis \u00e0 la g\u00e9rer avant qu\u2019elle n\u2019apparaisse.<\/p>\n\n\n\n<p class=\"has-vivid-cyan-blue-color has-text-color has-link-color has-medium-font-size wp-elements-704abccc2e7db4b4cbd14736449c8c59\"><strong>Dynamical Neurofeedback<sup><strong>\u00ae<\/strong><\/sup><\/strong>&nbsp;pour mieux g\u00e9rer l\u2019<strong>Insomnie&nbsp;:<\/strong><\/p>\n\n\n\n<p>En g\u00e9n\u00e9ral motiv\u00e9e par le stress, l\u2019insomnie est souvent aggrav\u00e9e tant que le \u201crythme n\u2019est pas cass\u00e9\u201d. Avec le neurofeedback, vous aidez votre cerveau \u00e0 diminuer le stress, \u00e0 l\u00e2cher prise et ainsi \u00e0 mieux dormir, Le sommeil est de meilleure qualit\u00e9. Vous vous levez le matin repos\u00e9 et les journ\u00e9es sont plus agr\u00e9ables, vous \u00eates plus performant.<\/p>\n\n\n\n<p class=\"has-vivid-cyan-blue-color has-text-color has-link-color has-medium-font-size wp-elements-df7311892687ad33157261f987065617\"><strong>Dynamical Neurofeedback<sup><strong>\u00ae<\/strong><\/sup><\/strong>&nbsp;pour mieux vivre l\u2019<strong>Autisme&nbsp;:<\/strong><\/p>\n\n\n\n<p>Fr\u00e9quemment des am\u00e9liorations du comportement sont not\u00e9es : meilleure conscience de l\u2019environnement, diminution des mouvements r\u00e9p\u00e9titifs, diminution des cris, des situations explosives. On note une adaptation plus ais\u00e9e aux nouvelles situations.<\/p>\n\n\n\n<p class=\"has-vivid-cyan-blue-color has-text-color has-link-color has-medium-font-size wp-elements-ff6f88b42ab8df8f22d44c513fd5da42\"><strong>Dynamical Neurofeedback<sup><strong>\u00ae<\/strong><\/sup><\/strong>&nbsp;pour mieux r\u00e9guler les&nbsp;<strong>Troubles de l\u2019alimentation&nbsp;:<\/strong><\/p>\n\n\n\n<p>Que l\u2019on parle de boulimie ou d\u2019anorexie, les troubles alimentaires sont une souffrance au quotidien. Avec le neurofeedback, votre cerveau r\u00e9apprend \u00e0 r\u00e9guler ses pulsions alimentaires. Vous reprenez confiance et votre approche \u00e0 la nourriture se modifie, vous \u00eates capable de vous nourrir convenablement avec plaisir et mod\u00e9ration.<\/p>\n\n\n\n<p class=\"has-vivid-cyan-blue-color has-text-color has-link-color has-medium-font-size wp-elements-8a5e87cbe6ae748d85f44213753dfa6c\"><strong>Dynamical Neurofeedback<sup><strong>\u00ae<\/strong><\/sup><\/strong>&nbsp;pour mieux g\u00e9rer les troubles&nbsp;<strong>Dys&nbsp;:<\/strong><\/p>\n\n\n\n<p>L\u2019enfant avec des troubles dys va prendre confiance en lui. Il se sentira plus apte \u00e0 s\u2019adapter avec sa diff\u00e9rence et des progr\u00e8s seront alors not\u00e9s. Il sera plus facile pour lui, de se concentrer et ses capacit\u00e9s d\u2019apprentissage seront optimis\u00e9es.<\/p>\n\n\n\n<p class=\"has-vivid-cyan-blue-color has-text-color has-link-color has-medium-font-size wp-elements-4f1c814961ac1ce39b0149172c73dd2a\"><strong>Dynamical Neurofeedback<sup><strong>\u00ae<\/strong><\/sup><\/strong>&nbsp;aide \u00e0 mieux g\u00e9rer les&nbsp;<strong>TOC \u2013 phobies&nbsp;:<\/strong><\/p>\n\n\n\n<p>Au fil des s\u00e9ances, les TOC et\/ou phobies diminuent jusqu\u2019\u00e0 dispara\u00eetre. Un jour, on se rend compte que l\u2019on a chang\u00e9 : les peurs ressenties sont pass\u00e9es au deuxi\u00e8me plan et on sait mieux g\u00e9rer des situations jusque-l\u00e0 bouleversantes.&nbsp;<strong>TDAH&nbsp;:<\/strong>&nbsp;Apr\u00e8s quelques s\u00e9ances, on note une meilleure concentration, la personne hyperactive apprend \u00e0 \u201cse poser\u201d, prend le temps de terminer une chose avant de passer \u00e0 la suivante, arrive \u00e0 rester devant un film sans bouger constamment\u2026.&nbsp;&nbsp;<\/p>\n\n\n\n<p class=\"has-vivid-cyan-blue-color has-text-color has-link-color has-medium-font-size wp-elements-c6de08617b48464a6ff7bec5a0cb780d\"><strong>Dynamical Neurofeedback<sup><strong>\u00ae<\/strong><\/sup><\/strong>&nbsp;aide \u00e0 am\u00e9liorer la&nbsp;<strong>confiance en soi :<\/strong><\/p>\n\n\n\n<p>La personne ose s\u2019imposer, parler en public. Les choix et les d\u00e9cisions sont plus faciles \u00e0 prendre et \u00e0 accepter. La personne ne reste pas sur le \u201cj\u2019aurais d\u00fb\u2026\u201d. Elle peut ainsi aller de l\u2019avant.&nbsp;<\/p>\n\n\n\n<p class=\"has-vivid-cyan-blue-color has-text-color has-link-color wp-elements-3b6036b8896d96f5fe80e59096797a13\">ET BIEN D&rsquo;AUTRES BIENFAITS ENCORE&#8230;&#8230;.<\/p>\n\n\n\n<ul class=\"wp-block-list\">\n<li><\/li>\n<\/ul>\n\n\n\n<div class=\"wp-block-columns is-layout-flex wp-container-core-columns-is-layout-9d6595d7 wp-block-columns-is-layout-flex\">\n<div class=\"wp-block-column is-layout-flow wp-block-column-is-layout-flow\">\n<iframe width=\"560\" height=\"315\" \nsrc=\"https:\/\/www.youtube.com\/embed\/qg1BfBMl0SE?start=0&#038;end=185&#038;rel=0\" \ntitle=\"YouTube video player\" frameborder=\"0\" \nallow=\"accelerometer; autoplay; clipboard-write; encrypted-media; gyroscope; picture-in-picture\" \nallowfullscreen><\/iframe>\n\n<\/div>\n\n\n\n<div class=\"wp-block-column is-layout-flow wp-block-column-is-layout-flow\"><\/div>\n<\/div>\n\n\n\n<p><\/p>\n","protected":false},"excerpt":{"rendered":"<p>BIENFAITS Les avantages et les bienfaits du Dynamical Neurofeedback\u00ae Pour toutes les situations ci-dessous observ\u00e9es par les clients, l\u2019entra\u00eenement avec leDynamical Neurofeedback\u00ae am\u00e9liore le bien-\u00eatre de fa\u00e7on g\u00e9n\u00e9rale . La fr\u00e9quence et le nombre de s\u00e9ances d\u00e9pendent de chacun. Dynamical Neurofeedback\u00ae&nbsp;pour mieux g\u00e9rer le&nbsp;Stress&nbsp;: Rapidement les effets du stress sont diminu\u00e9s, on ressent une sensation [&hellip;]<\/p>\n","protected":false},"author":1,"featured_media":0,"parent":0,"menu_order":0,"comment_status":"closed","ping_status":"closed","template":"","meta":{"ocean_post_layout":"","ocean_both_sidebars_style":"","ocean_both_sidebars_content_width":0,"ocean_both_sidebars_sidebars_width":0,"ocean_sidebar":"","ocean_second_sidebar":"","ocean_disable_margins":"enable","ocean_add_body_class":"","ocean_shortcode_before_top_bar":"","ocean_shortcode_after_top_bar":"","ocean_shortcode_before_header":"","ocean_shortcode_after_header":"","ocean_has_shortcode":"","ocean_shortcode_after_title":"","ocean_shortcode_before_footer_widgets":"","ocean_shortcode_after_footer_widgets":"","ocean_shortcode_before_footer_bottom":"","ocean_shortcode_after_footer_bottom":"","ocean_display_top_bar":"default","ocean_display_header":"default","ocean_header_style":"","ocean_center_header_left_menu":"","ocean_custom_header_template":"","ocean_custom_logo":0,"ocean_custom_retina_logo":0,"ocean_custom_logo_max_width":0,"ocean_custom_logo_tablet_max_width":0,"ocean_custom_logo_mobile_max_width":0,"ocean_custom_logo_max_height":0,"ocean_custom_logo_tablet_max_height":0,"ocean_custom_logo_mobile_max_height":0,"ocean_header_custom_menu":"","ocean_menu_typo_font_family":"","ocean_menu_typo_font_subset":"","ocean_menu_typo_font_size":0,"ocean_menu_typo_font_size_tablet":0,"ocean_menu_typo_font_size_mobile":0,"ocean_menu_typo_font_size_unit":"px","ocean_menu_typo_font_weight":"","ocean_menu_typo_font_weight_tablet":"","ocean_menu_typo_font_weight_mobile":"","ocean_menu_typo_transform":"","ocean_menu_typo_transform_tablet":"","ocean_menu_typo_transform_mobile":"","ocean_menu_typo_line_height":0,"ocean_menu_typo_line_height_tablet":0,"ocean_menu_typo_line_height_mobile":0,"ocean_menu_typo_line_height_unit":"","ocean_menu_typo_spacing":0,"ocean_menu_typo_spacing_tablet":0,"ocean_menu_typo_spacing_mobile":0,"ocean_menu_typo_spacing_unit":"","ocean_menu_link_color":"","ocean_menu_link_color_hover":"","ocean_menu_link_color_active":"","ocean_menu_link_background":"","ocean_menu_link_hover_background":"","ocean_menu_link_active_background":"","ocean_menu_social_links_bg":"","ocean_menu_social_hover_links_bg":"","ocean_menu_social_links_color":"","ocean_menu_social_hover_links_color":"","ocean_disable_title":"default","ocean_disable_heading":"default","ocean_post_title":"","ocean_post_subheading":"","ocean_post_title_style":"","ocean_post_title_background_color":"","ocean_post_title_background":0,"ocean_post_title_bg_image_position":"","ocean_post_title_bg_image_attachment":"","ocean_post_title_bg_image_repeat":"","ocean_post_title_bg_image_size":"","ocean_post_title_height":0,"ocean_post_title_bg_overlay":0.5,"ocean_post_title_bg_overlay_color":"","ocean_disable_breadcrumbs":"default","ocean_breadcrumbs_color":"","ocean_breadcrumbs_separator_color":"","ocean_breadcrumbs_links_color":"","ocean_breadcrumbs_links_hover_color":"","ocean_display_footer_widgets":"default","ocean_display_footer_bottom":"default","ocean_custom_footer_template":"","footnotes":""},"class_list":["post-141","page","type-page","status-publish","hentry","entry"],"yoast_head":"<!-- This site is optimized with the Yoast SEO plugin v25.1 - https:\/\/yoast.com\/wordpress\/plugins\/seo\/ -->\n<title>BENEFICES - La Maison du Neurofeedback Caen<\/title>\n<meta name=\"robots\" content=\"index, follow, max-snippet:-1, max-image-preview:large, max-video-preview:-1\" \/>\n<link rel=\"canonical\" href=\"https:\/\/maison-neurofeedback.fr\/?page_id=141\" \/>\n<meta property=\"og:locale\" content=\"fr_FR\" \/>\n<meta property=\"og:type\" content=\"article\" \/>\n<meta property=\"og:title\" content=\"BENEFICES - La Maison du Neurofeedback Caen\" \/>\n<meta property=\"og:description\" content=\"BIENFAITS Les avantages et les bienfaits du Dynamical Neurofeedback\u00ae Pour toutes les situations ci-dessous observ\u00e9es par les clients, l\u2019entra\u00eenement avec leDynamical Neurofeedback\u00ae am\u00e9liore le bien-\u00eatre de fa\u00e7on g\u00e9n\u00e9rale . La fr\u00e9quence et le nombre de s\u00e9ances d\u00e9pendent de chacun. Dynamical Neurofeedback\u00ae&nbsp;pour mieux g\u00e9rer le&nbsp;Stress&nbsp;: Rapidement les effets du stress sont diminu\u00e9s, on ressent une sensation [&hellip;]\" \/>\n<meta property=\"og:url\" content=\"https:\/\/maison-neurofeedback.fr\/?page_id=141\" \/>\n<meta property=\"og:site_name\" content=\"La Maison du Neurofeedback Caen\" \/>\n<meta property=\"article:modified_time\" content=\"2025-10-07T14:27:46+00:00\" \/>\n<meta name=\"twitter:card\" content=\"summary_large_image\" \/>\n<meta name=\"twitter:label1\" content=\"Dur\u00e9e de lecture estim\u00e9e\" \/>\n\t<meta name=\"twitter:data1\" content=\"3 minutes\" \/>\n<script type=\"application\/ld+json\" class=\"yoast-schema-graph\">{\"@context\":\"https:\/\/schema.org\",\"@graph\":[{\"@type\":\"WebPage\",\"@id\":\"https:\/\/maison-neurofeedback.fr\/?page_id=141\",\"url\":\"https:\/\/maison-neurofeedback.fr\/?page_id=141\",\"name\":\"BENEFICES - La Maison du Neurofeedback Caen\",\"isPartOf\":{\"@id\":\"https:\/\/maison-neurofeedback.fr\/#website\"},\"primaryImageOfPage\":{\"@id\":\"https:\/\/maison-neurofeedback.fr\/?page_id=141#primaryimage\"},\"image\":{\"@id\":\"https:\/\/maison-neurofeedback.fr\/?page_id=141#primaryimage\"},\"thumbnailUrl\":\"https:\/\/reguletoncerveau.com\/wp-content\/uploads\/2019\/02\/famille-hereux-766x431.jpg\",\"datePublished\":\"2025-05-14T18:26:09+00:00\",\"dateModified\":\"2025-10-07T14:27:46+00:00\",\"breadcrumb\":{\"@id\":\"https:\/\/maison-neurofeedback.fr\/?page_id=141#breadcrumb\"},\"inLanguage\":\"fr-FR\",\"potentialAction\":[{\"@type\":\"ReadAction\",\"target\":[\"https:\/\/maison-neurofeedback.fr\/?page_id=141\"]}]},{\"@type\":\"ImageObject\",\"inLanguage\":\"fr-FR\",\"@id\":\"https:\/\/maison-neurofeedback.fr\/?page_id=141#primaryimage\",\"url\":\"https:\/\/reguletoncerveau.com\/wp-content\/uploads\/2019\/02\/famille-hereux-766x431.jpg\",\"contentUrl\":\"https:\/\/reguletoncerveau.com\/wp-content\/uploads\/2019\/02\/famille-hereux-766x431.jpg\"},{\"@type\":\"BreadcrumbList\",\"@id\":\"https:\/\/maison-neurofeedback.fr\/?page_id=141#breadcrumb\",\"itemListElement\":[{\"@type\":\"ListItem\",\"position\":1,\"name\":\"Accueil\",\"item\":\"https:\/\/maison-neurofeedback.fr\/\"},{\"@type\":\"ListItem\",\"position\":2,\"name\":\"BENEFICES\"}]},{\"@type\":\"WebSite\",\"@id\":\"https:\/\/maison-neurofeedback.fr\/#website\",\"url\":\"https:\/\/maison-neurofeedback.fr\/\",\"name\":\"La Maison du Neurofeedback Caen\",\"description\":\"\",\"publisher\":{\"@id\":\"https:\/\/maison-neurofeedback.fr\/#organization\"},\"potentialAction\":[{\"@type\":\"SearchAction\",\"target\":{\"@type\":\"EntryPoint\",\"urlTemplate\":\"https:\/\/maison-neurofeedback.fr\/?s={search_term_string}\"},\"query-input\":{\"@type\":\"PropertyValueSpecification\",\"valueRequired\":true,\"valueName\":\"search_term_string\"}}],\"inLanguage\":\"fr-FR\"},{\"@type\":\"Organization\",\"@id\":\"https:\/\/maison-neurofeedback.fr\/#organization\",\"name\":\"La Maison du Neurofeedback Caen\",\"url\":\"https:\/\/maison-neurofeedback.fr\/\",\"logo\":{\"@type\":\"ImageObject\",\"inLanguage\":\"fr-FR\",\"@id\":\"https:\/\/maison-neurofeedback.fr\/#\/schema\/logo\/image\/\",\"url\":\"http:\/\/127.0.0.1:8000\/wp-content\/uploads\/2025\/05\/logo.png\",\"contentUrl\":\"http:\/\/127.0.0.1:8000\/wp-content\/uploads\/2025\/05\/logo.png\",\"width\":215,\"height\":215,\"caption\":\"La Maison du Neurofeedback Caen\"},\"image\":{\"@id\":\"https:\/\/maison-neurofeedback.fr\/#\/schema\/logo\/image\/\"}}]}<\/script>\n<!-- \/ Yoast SEO plugin. -->","yoast_head_json":{"title":"BENEFICES - La Maison du Neurofeedback Caen","robots":{"index":"index","follow":"follow","max-snippet":"max-snippet:-1","max-image-preview":"max-image-preview:large","max-video-preview":"max-video-preview:-1"},"canonical":"https:\/\/maison-neurofeedback.fr\/?page_id=141","og_locale":"fr_FR","og_type":"article","og_title":"BENEFICES - La Maison du Neurofeedback Caen","og_description":"BIENFAITS Les avantages et les bienfaits du Dynamical Neurofeedback\u00ae Pour toutes les situations ci-dessous observ\u00e9es par les clients, l\u2019entra\u00eenement avec leDynamical Neurofeedback\u00ae am\u00e9liore le bien-\u00eatre de fa\u00e7on g\u00e9n\u00e9rale . La fr\u00e9quence et le nombre de s\u00e9ances d\u00e9pendent de chacun. Dynamical Neurofeedback\u00ae&nbsp;pour mieux g\u00e9rer le&nbsp;Stress&nbsp;: Rapidement les effets du stress sont diminu\u00e9s, on ressent une sensation [&hellip;]","og_url":"https:\/\/maison-neurofeedback.fr\/?page_id=141","og_site_name":"La Maison du Neurofeedback Caen","article_modified_time":"2025-10-07T14:27:46+00:00","twitter_card":"summary_large_image","twitter_misc":{"Dur\u00e9e de lecture estim\u00e9e":"3 minutes"},"schema":{"@context":"https:\/\/schema.org","@graph":[{"@type":"WebPage","@id":"https:\/\/maison-neurofeedback.fr\/?page_id=141","url":"https:\/\/maison-neurofeedback.fr\/?page_id=141","name":"BENEFICES - La Maison du Neurofeedback Caen","isPartOf":{"@id":"https:\/\/maison-neurofeedback.fr\/#website"},"primaryImageOfPage":{"@id":"https:\/\/maison-neurofeedback.fr\/?page_id=141#primaryimage"},"image":{"@id":"https:\/\/maison-neurofeedback.fr\/?page_id=141#primaryimage"},"thumbnailUrl":"https:\/\/reguletoncerveau.com\/wp-content\/uploads\/2019\/02\/famille-hereux-766x431.jpg","datePublished":"2025-05-14T18:26:09+00:00","dateModified":"2025-10-07T14:27:46+00:00","breadcrumb":{"@id":"https:\/\/maison-neurofeedback.fr\/?page_id=141#breadcrumb"},"inLanguage":"fr-FR","potentialAction":[{"@type":"ReadAction","target":["https:\/\/maison-neurofeedback.fr\/?page_id=141"]}]},{"@type":"ImageObject","inLanguage":"fr-FR","@id":"https:\/\/maison-neurofeedback.fr\/?page_id=141#primaryimage","url":"https:\/\/reguletoncerveau.com\/wp-content\/uploads\/2019\/02\/famille-hereux-766x431.jpg","contentUrl":"https:\/\/reguletoncerveau.com\/wp-content\/uploads\/2019\/02\/famille-hereux-766x431.jpg"},{"@type":"BreadcrumbList","@id":"https:\/\/maison-neurofeedback.fr\/?page_id=141#breadcrumb","itemListElement":[{"@type":"ListItem","position":1,"name":"Accueil","item":"https:\/\/maison-neurofeedback.fr\/"},{"@type":"ListItem","position":2,"name":"BENEFICES"}]},{"@type":"WebSite","@id":"https:\/\/maison-neurofeedback.fr\/#website","url":"https:\/\/maison-neurofeedback.fr\/","name":"La Maison du Neurofeedback Caen","description":"","publisher":{"@id":"https:\/\/maison-neurofeedback.fr\/#organization"},"potentialAction":[{"@type":"SearchAction","target":{"@type":"EntryPoint","urlTemplate":"https:\/\/maison-neurofeedback.fr\/?s={search_term_string}"},"query-input":{"@type":"PropertyValueSpecification","valueRequired":true,"valueName":"search_term_string"}}],"inLanguage":"fr-FR"},{"@type":"Organization","@id":"https:\/\/maison-neurofeedback.fr\/#organization","name":"La Maison du Neurofeedback Caen","url":"https:\/\/maison-neurofeedback.fr\/","logo":{"@type":"ImageObject","inLanguage":"fr-FR","@id":"https:\/\/maison-neurofeedback.fr\/#\/schema\/logo\/image\/","url":"http:\/\/127.0.0.1:8000\/wp-content\/uploads\/2025\/05\/logo.png","contentUrl":"http:\/\/127.0.0.1:8000\/wp-content\/uploads\/2025\/05\/logo.png","width":215,"height":215,"caption":"La Maison du Neurofeedback Caen"},"image":{"@id":"https:\/\/maison-neurofeedback.fr\/#\/schema\/logo\/image\/"}}]}},"_links":{"self":[{"href":"https:\/\/maison-neurofeedback.fr\/index.php?rest_route=\/wp\/v2\/pages\/141","targetHints":{"allow":["GET"]}}],"collection":[{"href":"https:\/\/maison-neurofeedback.fr\/index.php?rest_route=\/wp\/v2\/pages"}],"about":[{"href":"https:\/\/maison-neurofeedback.fr\/index.php?rest_route=\/wp\/v2\/types\/page"}],"author":[{"embeddable":true,"href":"https:\/\/maison-neurofeedback.fr\/index.php?rest_route=\/wp\/v2\/users\/1"}],"replies":[{"embeddable":true,"href":"https:\/\/maison-neurofeedback.fr\/index.php?rest_route=%2Fwp%2Fv2%2Fcomments&post=141"}],"version-history":[{"count":13,"href":"https:\/\/maison-neurofeedback.fr\/index.php?rest_route=\/wp\/v2\/pages\/141\/revisions"}],"predecessor-version":[{"id":406,"href":"https:\/\/maison-neurofeedback.fr\/index.php?rest_route=\/wp\/v2\/pages\/141\/revisions\/406"}],"wp:attachment":[{"href":"https:\/\/maison-neurofeedback.fr\/index.php?rest_route=%2Fwp%2Fv2%2Fmedia&parent=141"}],"curies":[{"name":"wp","href":"https:\/\/api.w.org\/{rel}","templated":true}]}}