{"id":27,"date":"2025-05-13T14:02:03","date_gmt":"2025-05-13T12:02:03","guid":{"rendered":"http:\/\/127.0.0.1:8000\/?page_id=27"},"modified":"2026-04-01T08:40:31","modified_gmt":"2026-04-01T06:40:31","slug":"contacts","status":"publish","type":"page","link":"https:\/\/maison-neurofeedback.fr\/?page_id=27","title":{"rendered":"CONTACT"},"content":{"rendered":"\n<p><\/p>\n\n\n\n<div class=\"wp-block-columns is-layout-flex wp-container-core-columns-is-layout-9d6595d7 wp-block-columns-is-layout-flex\">\n<div class=\"wp-block-column is-layout-flow wp-block-column-is-layout-flow\">\n<h2 class=\"wp-block-heading\">Mes coordonn\u00e9es :<\/h2>\n\n\n\n<p>Emmanuel Lemiere<\/p>\n\n\n\n<p>Certifi\u00e9 praticien Neurofeedback<\/p>\n\n\n\n<p>14 rue de la Gare 14630 Cagny<\/p>\n\n\n\n<p>TEL : 06.37.59.92.51<\/p>\n\n\n\n<p>MAIL :<\/p>\n\n\n\n<p><a href=\"mailto:contact@maison-neurofeedback.fr\">contact@maison-neurofeedback.fr<\/a><\/p>\n<\/div>\n\n\n\n<div class=\"wp-block-column is-layout-flow wp-block-column-is-layout-flow\"><div class=\"caldera-grid\" id=\"caldera_form_1\" data-cf-ver=\"1.9.7\" data-cf-form-id=\"CF68273d6710d6b\"><div id=\"caldera_notices_1\" data-spinner=\"https:\/\/maison-neurofeedback.fr\/wp-admin\/images\/spinner.gif\"><\/div><form data-instance=\"1\" class=\"CF68273d6710d6b caldera_forms_form cfajax-trigger\" method=\"POST\" enctype=\"multipart\/form-data\" id=\"CF68273d6710d6b_1\" data-form-id=\"CF68273d6710d6b\" aria-label=\"FORMULAIRE CONTACT\" data-target=\"#caldera_notices_1\" data-template=\"#cfajax_CF68273d6710d6b-tmpl\" data-cfajax=\"CF68273d6710d6b\" data-load-element=\"_parent\" data-load-class=\"cf_processing\" data-post-disable=\"0\" data-action=\"cf_process_ajax_submit\" data-request=\"https:\/\/maison-neurofeedback.fr\/?cf_api=CF68273d6710d6b\" data-hiderows=\"true\">\r\n<input type=\"hidden\" id=\"_cf_verify_CF68273d6710d6b\" name=\"_cf_verify\" value=\"02c950c8ac\"  data-nonce-time=\"1775284834\" \/><input type=\"hidden\" name=\"_wp_http_referer\" value=\"\/index.php?rest_route=%2Fwp%2Fv2%2Fpages%2F27\" \/><div id=\"cf2-CF68273d6710d6b_1\"><\/div><input type=\"hidden\" name=\"_cf_frm_id\" value=\"CF68273d6710d6b\">\r\n<input type=\"hidden\" name=\"_cf_frm_ct\" value=\"1\">\r\n<input type=\"hidden\" name=\"cfajax\" value=\"CF68273d6710d6b\">\r\n<input type=\"hidden\" name=\"_cf_cr_pst\" value=\"27\">\r\n<div class=\"hide\" style=\"display:none; overflow:hidden;height:0;width:0;\">\r\n<label>Web Site<\/label><input type=\"text\" name=\"web_site\" value=\"\" autocomplete=\"off\">\r\n<\/div><div id=\"CF68273d6710d6b_1-row-1\"  class=\"row  first_row\"><div  class=\"col-sm-12  single\"><div class=\"\"><h2>FORMULAIRE DE CONTACTS<\/h2>\n<hr>\n<\/div><\/div><\/div><div id=\"CF68273d6710d6b_1-row-2\"  class=\"row \"><div  class=\"col-sm-4  first_col\"><div data-field-wrapper=\"fld_8768091\" class=\"form-group\" id=\"fld_8768091_1-wrap\">\r\n\t<label id=\"fld_8768091Label\" for=\"fld_8768091_1\" class=\"control-label\">PRENOM <span aria-hidden=\"true\" role=\"presentation\" class=\"field_required\" style=\"color:#ee0000;\">*<\/span><\/label>\r\n\t<div class=\"\">\r\n\t\t<input   required type=\"text\" data-field=\"fld_8768091\" class=\" form-control\" id=\"fld_8768091_1\" name=\"fld_8768091\" value=\"\" data-type=\"text\" aria-required=\"true\"   aria-labelledby=\"fld_8768091Label\" >\t\t\t<\/div>\r\n<\/div>\r\n<\/div><div  class=\"col-sm-4 \"><div data-field-wrapper=\"fld_9970286\" class=\"form-group\" id=\"fld_9970286_1-wrap\">\r\n\t<label id=\"fld_9970286Label\" for=\"fld_9970286_1\" class=\"control-label\">NOM <span aria-hidden=\"true\" role=\"presentation\" class=\"field_required\" style=\"color:#ee0000;\">*<\/span><\/label>\r\n\t<div class=\"\">\r\n\t\t<input   required type=\"text\" data-field=\"fld_9970286\" class=\" form-control\" id=\"fld_9970286_1\" name=\"fld_9970286\" value=\"\" data-type=\"text\" aria-required=\"true\"   aria-labelledby=\"fld_9970286Label\" >\t\t\t<\/div>\r\n<\/div>\r\n<\/div><div  class=\"col-sm-4  last_col\"><div data-field-wrapper=\"fld_6009157\" class=\"form-group\" id=\"fld_6009157_1-wrap\">\r\n\t<label id=\"fld_6009157Label\" for=\"fld_6009157_1\" class=\"control-label\">ADRESSE EMAIL <span aria-hidden=\"true\" role=\"presentation\" class=\"field_required\" style=\"color:#ee0000;\">*<\/span><\/label>\r\n\t<div class=\"\">\r\n\t\t<input   required type=\"email\" data-field=\"fld_6009157\" class=\" form-control\" id=\"fld_6009157_1\" name=\"fld_6009157\" value=\"\" data-type=\"email\" aria-required=\"true\"   aria-labelledby=\"fld_6009157Label\" >\t\t\t<\/div>\r\n<\/div>\r\n<\/div><\/div><div id=\"CF68273d6710d6b_1-row-3\"  class=\"row \"><div  class=\"col-sm-12  single\"><\/div><\/div><div id=\"CF68273d6710d6b_1-row-4\"  class=\"row \"><div  class=\"col-sm-12  single\"><div data-field-wrapper=\"fld_7683514\" class=\"form-group\" id=\"fld_7683514_1-wrap\">\r\n\t<label id=\"fld_7683514Label\" for=\"fld_7683514_1\" class=\"control-label\">VOTRE MESSAGE <span aria-hidden=\"true\" role=\"presentation\" class=\"field_required\" style=\"color:#ee0000;\">*<\/span><\/label>\r\n\t<div class=\"\">\r\n\t\t<textarea name=\"fld_7683514\" value=\"\" data-field=\"fld_7683514\" class=\"form-control\" id=\"fld_7683514_1\" rows=\"7\"  required=\"required\"  aria-labelledby=\"fld_7683514Label\" ><\/textarea>\n\t\t\t<\/div>\r\n<\/div>\r\n<div data-field-wrapper=\"fld_9739585\" class=\"form-group\" id=\"fld_9739585_1-wrap\">\r\n<div class=\"\">\r\n\n<div class=\"checkbox-inline caldera-forms-consent-field\">\n    <input data-parsley-required=\"true\" data-parsley-group=\"fld_9739585_1\" data-parsley-multiple=\"fld_9739585_1\"        type=\"checkbox\" data-label=\" \"\n        data-field=\"fld_9739585\"\n        id=\"fld_9739585_1\"\n        class=\"fld_9739585_1 option-required\"\n        name=\"fld_9739585\"\n        value=\"1\"\n        data-type=\"checkbox\"\n        data-checkbox-field=\"fld_9739585_1\"\n    >\n    <label for=\"fld_9739585_1\"\n           class=\"caldera-forms-gdpr-field-label\"\n           style=\"display:inline; margin-left: 0.5rem;\"\n    >\n                <p\n            class=\"caldera-forms-consent-field-agreement\"\n        >\n            En soumettant ce formulaire, j\u2019accepte que mes donn\u00e9es soient trait\u00e9es conform\u00e9ment \u00e0 la Politique de confidentialit\u00e9 de la maison neurofeedback.        <\/p>\n        <a href=\"https:\/\/maison-neurofeedback.fr\/?page_id=3\"\n           target=\"_blank\"\n                title=\"\/?page_id=3\"\n            class=\"caldera-forms-consent-field-linked_text\"\n            >\n            Politique de confidentialit\u00e9        <\/a>\n    <\/label>\n    <span style=\"color:#ff0000;\">*<\/span>\n<\/div>\n\n<\/div>\r\n<\/div>\r\n<\/div><\/div><div id=\"CF68273d6710d6b_1-row-5\"  class=\"row  last_row\"><div  class=\"col-sm-12  single\"><div data-field-wrapper=\"fld_7908577\" class=\"form-group\" id=\"fld_7908577_1-wrap\">\r\n<div class=\"\">\r\n\t<input  class=\"btn btn-default\" type=\"submit\" name=\"fld_7908577\" id=\"fld_7908577_1\" value=\"ENVOYER\" data-field=\"fld_7908577\"  >\n<\/div>\r\n<\/div>\r\n\t<input class=\"button_trigger_1\" type=\"hidden\" name=\"fld_7908577\" id=\"fld_7908577_1_btn\" value=\"\" data-field=\"fld_7908577\"  \/>\n<\/div><\/div><\/form>\r\n<\/div>\r\n\n<\/div>\n<\/div>\n\n\n\n<div class=\"wp-block-columns is-layout-flex wp-container-core-columns-is-layout-9d6595d7 wp-block-columns-is-layout-flex\">\n<div class=\"wp-block-column is-layout-flow wp-block-column-is-layout-flow\">\n<figure class=\"wp-block-image size-large\"><img loading=\"lazy\" decoding=\"async\" width=\"2560\" height=\"2560\" src=\"https:\/\/maison-neurofeedback.fr\/wp-content\/uploads\/2025\/06\/IMG_20250613_115427-1-edited-scaled.jpg\" alt=\"VISAGE DU PRATICIEN\" class=\"wp-image-397\" style=\"aspect-ratio:1\" srcset=\"https:\/\/maison-neurofeedback.fr\/wp-content\/uploads\/2025\/06\/IMG_20250613_115427-1-edited-scaled.jpg 2560w, https:\/\/maison-neurofeedback.fr\/wp-content\/uploads\/2025\/06\/IMG_20250613_115427-1-edited-300x300.jpg 300w, https:\/\/maison-neurofeedback.fr\/wp-content\/uploads\/2025\/06\/IMG_20250613_115427-1-edited-1024x1024.jpg 1024w, https:\/\/maison-neurofeedback.fr\/wp-content\/uploads\/2025\/06\/IMG_20250613_115427-1-edited-150x150.jpg 150w, https:\/\/maison-neurofeedback.fr\/wp-content\/uploads\/2025\/06\/IMG_20250613_115427-1-edited-768x768.jpg 768w, https:\/\/maison-neurofeedback.fr\/wp-content\/uploads\/2025\/06\/IMG_20250613_115427-1-edited-1536x1536.jpg 1536w, https:\/\/maison-neurofeedback.fr\/wp-content\/uploads\/2025\/06\/IMG_20250613_115427-1-edited-2048x2048.jpg 2048w, https:\/\/maison-neurofeedback.fr\/wp-content\/uploads\/2025\/06\/IMG_20250613_115427-1-edited-600x600.jpg 600w\" sizes=\"auto, (max-width: 2560px) 100vw, 2560px\" \/><\/figure>\n<\/div>\n\n\n\n<div class=\"wp-block-column is-vertically-aligned-center is-layout-flow wp-block-column-is-layout-flow\">\n<div style=\"height:0px\" aria-hidden=\"true\" class=\"wp-block-spacer\"><\/div>\n<\/div>\n<\/div>\n\n\n\n<div style=\"height:41px\" aria-hidden=\"true\" class=\"wp-block-spacer\"><\/div>\n\n\n\n<p><\/p>\n","protected":false},"excerpt":{"rendered":"<p>Mes coordonn\u00e9es : Emmanuel Lemiere Certifi\u00e9 praticien Neurofeedback 14 rue de la Gare 14630 Cagny TEL : 06.37.59.92.51 MAIL : contact@maison-neurofeedback.fr<\/p>\n","protected":false},"author":1,"featured_media":382,"parent":0,"menu_order":0,"comment_status":"closed","ping_status":"closed","template":"","meta":{"ocean_post_layout":"","ocean_both_sidebars_style":"","ocean_both_sidebars_content_width":0,"ocean_both_sidebars_sidebars_width":0,"ocean_sidebar":"","ocean_second_sidebar":"","ocean_disable_margins":"enable","ocean_add_body_class":"","ocean_shortcode_before_top_bar":"","ocean_shortcode_after_top_bar":"","ocean_shortcode_before_header":"","ocean_shortcode_after_header":"","ocean_has_shortcode":"","ocean_shortcode_after_title":"","ocean_shortcode_before_footer_widgets":"","ocean_shortcode_after_footer_widgets":"","ocean_shortcode_before_footer_bottom":"","ocean_shortcode_after_footer_bottom":"","ocean_display_top_bar":"default","ocean_display_header":"default","ocean_header_style":"","ocean_center_header_left_menu":"","ocean_custom_header_template":"","ocean_custom_logo":0,"ocean_custom_retina_logo":0,"ocean_custom_logo_max_width":0,"ocean_custom_logo_tablet_max_width":0,"ocean_custom_logo_mobile_max_width":0,"ocean_custom_logo_max_height":0,"ocean_custom_logo_tablet_max_height":0,"ocean_custom_logo_mobile_max_height":0,"ocean_header_custom_menu":"","ocean_menu_typo_font_family":"","ocean_menu_typo_font_subset":"","ocean_menu_typo_font_size":0,"ocean_menu_typo_font_size_tablet":0,"ocean_menu_typo_font_size_mobile":0,"ocean_menu_typo_font_size_unit":"px","ocean_menu_typo_font_weight":"","ocean_menu_typo_font_weight_tablet":"","ocean_menu_typo_font_weight_mobile":"","ocean_menu_typo_transform":"","ocean_menu_typo_transform_tablet":"","ocean_menu_typo_transform_mobile":"","ocean_menu_typo_line_height":0,"ocean_menu_typo_line_height_tablet":0,"ocean_menu_typo_line_height_mobile":0,"ocean_menu_typo_line_height_unit":"","ocean_menu_typo_spacing":0,"ocean_menu_typo_spacing_tablet":0,"ocean_menu_typo_spacing_mobile":0,"ocean_menu_typo_spacing_unit":"","ocean_menu_link_color":"","ocean_menu_link_color_hover":"","ocean_menu_link_color_active":"","ocean_menu_link_background":"","ocean_menu_link_hover_background":"","ocean_menu_link_active_background":"","ocean_menu_social_links_bg":"","ocean_menu_social_hover_links_bg":"","ocean_menu_social_links_color":"","ocean_menu_social_hover_links_color":"","ocean_disable_title":"default","ocean_disable_heading":"default","ocean_post_title":"","ocean_post_subheading":"","ocean_post_title_style":"","ocean_post_title_background_color":"","ocean_post_title_background":0,"ocean_post_title_bg_image_position":"","ocean_post_title_bg_image_attachment":"","ocean_post_title_bg_image_repeat":"","ocean_post_title_bg_image_size":"","ocean_post_title_height":0,"ocean_post_title_bg_overlay":0.5,"ocean_post_title_bg_overlay_color":"","ocean_disable_breadcrumbs":"default","ocean_breadcrumbs_color":"","ocean_breadcrumbs_separator_color":"","ocean_breadcrumbs_links_color":"","ocean_breadcrumbs_links_hover_color":"","ocean_display_footer_widgets":"default","ocean_display_footer_bottom":"default","ocean_custom_footer_template":"","footnotes":""},"class_list":["post-27","page","type-page","status-publish","has-post-thumbnail","hentry","entry","has-media"],"yoast_head":"<!-- This site is optimized with the Yoast SEO plugin v25.1 - https:\/\/yoast.com\/wordpress\/plugins\/seo\/ -->\n<title>CONTACT - La Maison du Neurofeedback Caen<\/title>\n<meta name=\"robots\" content=\"index, follow, max-snippet:-1, max-image-preview:large, max-video-preview:-1\" \/>\n<link rel=\"canonical\" href=\"https:\/\/maison-neurofeedback.fr\/?page_id=27\" \/>\n<meta property=\"og:locale\" content=\"fr_FR\" \/>\n<meta property=\"og:type\" content=\"article\" \/>\n<meta property=\"og:title\" content=\"CONTACT - La Maison du Neurofeedback Caen\" \/>\n<meta property=\"og:description\" content=\"Mes coordonn\u00e9es : Emmanuel Lemiere Certifi\u00e9 praticien Neurofeedback 14 rue de la Gare 14630 Cagny TEL : 06.37.59.92.51 MAIL : contact@maison-neurofeedback.fr\" \/>\n<meta property=\"og:url\" content=\"https:\/\/maison-neurofeedback.fr\/?page_id=27\" \/>\n<meta property=\"og:site_name\" content=\"La Maison du Neurofeedback Caen\" \/>\n<meta property=\"article:modified_time\" content=\"2026-04-01T06:40:31+00:00\" \/>\n<meta property=\"og:image\" content=\"https:\/\/maison-neurofeedback.fr\/wp-content\/uploads\/2025\/06\/IMG_20250613_115427-scaled.jpg\" \/>\n\t<meta property=\"og:image:width\" content=\"1920\" \/>\n\t<meta property=\"og:image:height\" content=\"2560\" \/>\n\t<meta property=\"og:image:type\" content=\"image\/jpeg\" \/>\n<meta name=\"twitter:card\" content=\"summary_large_image\" \/>\n<meta name=\"twitter:label1\" content=\"Dur\u00e9e de lecture estim\u00e9e\" \/>\n\t<meta name=\"twitter:data1\" content=\"1 minute\" \/>\n<script type=\"application\/ld+json\" class=\"yoast-schema-graph\">{\"@context\":\"https:\/\/schema.org\",\"@graph\":[{\"@type\":\"WebPage\",\"@id\":\"https:\/\/maison-neurofeedback.fr\/?page_id=27\",\"url\":\"https:\/\/maison-neurofeedback.fr\/?page_id=27\",\"name\":\"CONTACT - La Maison du Neurofeedback Caen\",\"isPartOf\":{\"@id\":\"https:\/\/maison-neurofeedback.fr\/#website\"},\"primaryImageOfPage\":{\"@id\":\"https:\/\/maison-neurofeedback.fr\/?page_id=27#primaryimage\"},\"image\":{\"@id\":\"https:\/\/maison-neurofeedback.fr\/?page_id=27#primaryimage\"},\"thumbnailUrl\":\"https:\/\/maison-neurofeedback.fr\/wp-content\/uploads\/2025\/06\/IMG_20250613_115427-scaled.jpg\",\"datePublished\":\"2025-05-13T12:02:03+00:00\",\"dateModified\":\"2026-04-01T06:40:31+00:00\",\"breadcrumb\":{\"@id\":\"https:\/\/maison-neurofeedback.fr\/?page_id=27#breadcrumb\"},\"inLanguage\":\"fr-FR\",\"potentialAction\":[{\"@type\":\"ReadAction\",\"target\":[\"https:\/\/maison-neurofeedback.fr\/?page_id=27\"]}]},{\"@type\":\"ImageObject\",\"inLanguage\":\"fr-FR\",\"@id\":\"https:\/\/maison-neurofeedback.fr\/?page_id=27#primaryimage\",\"url\":\"https:\/\/maison-neurofeedback.fr\/wp-content\/uploads\/2025\/06\/IMG_20250613_115427-scaled.jpg\",\"contentUrl\":\"https:\/\/maison-neurofeedback.fr\/wp-content\/uploads\/2025\/06\/IMG_20250613_115427-scaled.jpg\",\"width\":1920,\"height\":2560,\"caption\":\"visage praticien\"},{\"@type\":\"BreadcrumbList\",\"@id\":\"https:\/\/maison-neurofeedback.fr\/?page_id=27#breadcrumb\",\"itemListElement\":[{\"@type\":\"ListItem\",\"position\":1,\"name\":\"Accueil\",\"item\":\"https:\/\/maison-neurofeedback.fr\/\"},{\"@type\":\"ListItem\",\"position\":2,\"name\":\"CONTACT\"}]},{\"@type\":\"WebSite\",\"@id\":\"https:\/\/maison-neurofeedback.fr\/#website\",\"url\":\"https:\/\/maison-neurofeedback.fr\/\",\"name\":\"La Maison du Neurofeedback Caen\",\"description\":\"\",\"publisher\":{\"@id\":\"https:\/\/maison-neurofeedback.fr\/#organization\"},\"potentialAction\":[{\"@type\":\"SearchAction\",\"target\":{\"@type\":\"EntryPoint\",\"urlTemplate\":\"https:\/\/maison-neurofeedback.fr\/?s={search_term_string}\"},\"query-input\":{\"@type\":\"PropertyValueSpecification\",\"valueRequired\":true,\"valueName\":\"search_term_string\"}}],\"inLanguage\":\"fr-FR\"},{\"@type\":\"Organization\",\"@id\":\"https:\/\/maison-neurofeedback.fr\/#organization\",\"name\":\"La Maison du Neurofeedback Caen\",\"url\":\"https:\/\/maison-neurofeedback.fr\/\",\"logo\":{\"@type\":\"ImageObject\",\"inLanguage\":\"fr-FR\",\"@id\":\"https:\/\/maison-neurofeedback.fr\/#\/schema\/logo\/image\/\",\"url\":\"http:\/\/127.0.0.1:8000\/wp-content\/uploads\/2025\/05\/logo.png\",\"contentUrl\":\"http:\/\/127.0.0.1:8000\/wp-content\/uploads\/2025\/05\/logo.png\",\"width\":215,\"height\":215,\"caption\":\"La Maison du Neurofeedback Caen\"},\"image\":{\"@id\":\"https:\/\/maison-neurofeedback.fr\/#\/schema\/logo\/image\/\"}}]}<\/script>\n<!-- \/ Yoast SEO plugin. -->","yoast_head_json":{"title":"CONTACT - La Maison du Neurofeedback Caen","robots":{"index":"index","follow":"follow","max-snippet":"max-snippet:-1","max-image-preview":"max-image-preview:large","max-video-preview":"max-video-preview:-1"},"canonical":"https:\/\/maison-neurofeedback.fr\/?page_id=27","og_locale":"fr_FR","og_type":"article","og_title":"CONTACT - La Maison du Neurofeedback Caen","og_description":"Mes coordonn\u00e9es : Emmanuel Lemiere Certifi\u00e9 praticien Neurofeedback 14 rue de la Gare 14630 Cagny TEL : 06.37.59.92.51 MAIL : contact@maison-neurofeedback.fr","og_url":"https:\/\/maison-neurofeedback.fr\/?page_id=27","og_site_name":"La Maison du Neurofeedback Caen","article_modified_time":"2026-04-01T06:40:31+00:00","og_image":[{"width":1920,"height":2560,"url":"https:\/\/maison-neurofeedback.fr\/wp-content\/uploads\/2025\/06\/IMG_20250613_115427-scaled.jpg","type":"image\/jpeg"}],"twitter_card":"summary_large_image","twitter_misc":{"Dur\u00e9e de lecture estim\u00e9e":"1 minute"},"schema":{"@context":"https:\/\/schema.org","@graph":[{"@type":"WebPage","@id":"https:\/\/maison-neurofeedback.fr\/?page_id=27","url":"https:\/\/maison-neurofeedback.fr\/?page_id=27","name":"CONTACT - La Maison du Neurofeedback Caen","isPartOf":{"@id":"https:\/\/maison-neurofeedback.fr\/#website"},"primaryImageOfPage":{"@id":"https:\/\/maison-neurofeedback.fr\/?page_id=27#primaryimage"},"image":{"@id":"https:\/\/maison-neurofeedback.fr\/?page_id=27#primaryimage"},"thumbnailUrl":"https:\/\/maison-neurofeedback.fr\/wp-content\/uploads\/2025\/06\/IMG_20250613_115427-scaled.jpg","datePublished":"2025-05-13T12:02:03+00:00","dateModified":"2026-04-01T06:40:31+00:00","breadcrumb":{"@id":"https:\/\/maison-neurofeedback.fr\/?page_id=27#breadcrumb"},"inLanguage":"fr-FR","potentialAction":[{"@type":"ReadAction","target":["https:\/\/maison-neurofeedback.fr\/?page_id=27"]}]},{"@type":"ImageObject","inLanguage":"fr-FR","@id":"https:\/\/maison-neurofeedback.fr\/?page_id=27#primaryimage","url":"https:\/\/maison-neurofeedback.fr\/wp-content\/uploads\/2025\/06\/IMG_20250613_115427-scaled.jpg","contentUrl":"https:\/\/maison-neurofeedback.fr\/wp-content\/uploads\/2025\/06\/IMG_20250613_115427-scaled.jpg","width":1920,"height":2560,"caption":"visage praticien"},{"@type":"BreadcrumbList","@id":"https:\/\/maison-neurofeedback.fr\/?page_id=27#breadcrumb","itemListElement":[{"@type":"ListItem","position":1,"name":"Accueil","item":"https:\/\/maison-neurofeedback.fr\/"},{"@type":"ListItem","position":2,"name":"CONTACT"}]},{"@type":"WebSite","@id":"https:\/\/maison-neurofeedback.fr\/#website","url":"https:\/\/maison-neurofeedback.fr\/","name":"La Maison du Neurofeedback Caen","description":"","publisher":{"@id":"https:\/\/maison-neurofeedback.fr\/#organization"},"potentialAction":[{"@type":"SearchAction","target":{"@type":"EntryPoint","urlTemplate":"https:\/\/maison-neurofeedback.fr\/?s={search_term_string}"},"query-input":{"@type":"PropertyValueSpecification","valueRequired":true,"valueName":"search_term_string"}}],"inLanguage":"fr-FR"},{"@type":"Organization","@id":"https:\/\/maison-neurofeedback.fr\/#organization","name":"La Maison du Neurofeedback Caen","url":"https:\/\/maison-neurofeedback.fr\/","logo":{"@type":"ImageObject","inLanguage":"fr-FR","@id":"https:\/\/maison-neurofeedback.fr\/#\/schema\/logo\/image\/","url":"http:\/\/127.0.0.1:8000\/wp-content\/uploads\/2025\/05\/logo.png","contentUrl":"http:\/\/127.0.0.1:8000\/wp-content\/uploads\/2025\/05\/logo.png","width":215,"height":215,"caption":"La Maison du Neurofeedback Caen"},"image":{"@id":"https:\/\/maison-neurofeedback.fr\/#\/schema\/logo\/image\/"}}]}},"_links":{"self":[{"href":"https:\/\/maison-neurofeedback.fr\/index.php?rest_route=\/wp\/v2\/pages\/27","targetHints":{"allow":["GET"]}}],"collection":[{"href":"https:\/\/maison-neurofeedback.fr\/index.php?rest_route=\/wp\/v2\/pages"}],"about":[{"href":"https:\/\/maison-neurofeedback.fr\/index.php?rest_route=\/wp\/v2\/types\/page"}],"author":[{"embeddable":true,"href":"https:\/\/maison-neurofeedback.fr\/index.php?rest_route=\/wp\/v2\/users\/1"}],"replies":[{"embeddable":true,"href":"https:\/\/maison-neurofeedback.fr\/index.php?rest_route=%2Fwp%2Fv2%2Fcomments&post=27"}],"version-history":[{"count":24,"href":"https:\/\/maison-neurofeedback.fr\/index.php?rest_route=\/wp\/v2\/pages\/27\/revisions"}],"predecessor-version":[{"id":457,"href":"https:\/\/maison-neurofeedback.fr\/index.php?rest_route=\/wp\/v2\/pages\/27\/revisions\/457"}],"wp:featuredmedia":[{"embeddable":true,"href":"https:\/\/maison-neurofeedback.fr\/index.php?rest_route=\/wp\/v2\/media\/382"}],"wp:attachment":[{"href":"https:\/\/maison-neurofeedback.fr\/index.php?rest_route=%2Fwp%2Fv2%2Fmedia&parent=27"}],"curies":[{"name":"wp","href":"https:\/\/api.w.org\/{rel}","templated":true}]}}