{"id":31,"date":"2025-05-13T14:03:21","date_gmt":"2025-05-13T12:03:21","guid":{"rendered":"http:\/\/127.0.0.1:8000\/?page_id=31"},"modified":"2025-05-23T11:39:06","modified_gmt":"2025-05-23T09:39:06","slug":"seances","status":"publish","type":"page","link":"https:\/\/maison-neurofeedback.fr\/?page_id=31","title":{"rendered":"SEANCES"},"content":{"rendered":"\n<h1 class=\"wp-block-heading\"><\/h1>\n\n\n\n<figure class=\"wp-block-image size-full is-resized is-style-default\"><img loading=\"lazy\" decoding=\"async\" width=\"683\" height=\"1024\" src=\"http:\/\/127.0.0.1:8000\/wp-content\/uploads\/2025\/05\/monsieur.jpg\" alt=\"s\u00e9ance adulte\" class=\"wp-image-219\" style=\"width:470px;height:auto\" srcset=\"https:\/\/maison-neurofeedback.fr\/wp-content\/uploads\/2025\/05\/monsieur.jpg 683w, https:\/\/maison-neurofeedback.fr\/wp-content\/uploads\/2025\/05\/monsieur-200x300.jpg 200w\" sizes=\"auto, (max-width: 683px) 100vw, 683px\" \/><\/figure>\n\n\n\n<h2 class=\"wp-block-heading\" id=\"block-395f98fa-bbd6-408e-ae3a-de8f0693a77f\"><strong>Comment se d\u00e9roule une session de Neurofeedback<sup>\u00ae<\/sup>?<\/strong><\/h2>\n\n\n\n<ol id=\"block-38172de3-26ad-4d49-ace5-3ef60ef4993a\" class=\"wp-block-list\">\n<li>Confortablement install\u00e9 dans un fauteuil, vous regardez un film ou \u00e9coutez de la musique pendant trente-trois minutes.<\/li>\n\n\n\n<li>Deux capteurs pos\u00e9s sur le cr\u00e2ne et trois sur les oreilles permettent au syst\u00e8me de mesurer et d\u2019analyser l\u2019activit\u00e9 corticale. Chaque fois qu\u2019une fluctuation est d\u00e9tect\u00e9e, une microcoupure dans la bande son intervient.<\/li>\n\n\n\n<li>Le syst\u00e8me nerveux central (SNC)<a href=\"https:\/\/fr.wikipedia.org\/wiki\/Syst%C3%A8me_nerveux_central\">&nbsp;<\/a>\u00e9tant inform\u00e9 de toute variabilit\u00e9, interpr\u00e8te cette \u00ab diff\u00e9rence sonore \u00bb comme un message pertinent lui permettant de se r\u00e9\u00e9quilibrer afin de revenir \u00e0 son fonctionnement optimal.<\/li>\n<\/ol>\n\n\n\n<h2 class=\"wp-block-heading\" id=\"block-fd55e311-11de-424e-a363-36b3e2ab6275\"><strong>Nombre et rythme des sessions de Neurofeedback<\/strong><sup><strong>\u00ae<\/strong><\/sup><\/h2>\n\n\n\n<p id=\"block-7ee54337-1b4b-441f-b5ba-d91cff63d237\">Les r\u00e9actions du syst\u00e8me nerveux central sont sp\u00e9cifiques et uniques \u00e0 chaque individu. Chaque cerveau travaille \u00e0 son propre rythme, conna\u00eet ses priorit\u00e9s d\u2019intervention, et sait quelles orientations il doit prendre. On ne peut donc pas pr\u00e9dire le temps qui sera n\u00e9cessaire \u00e0 votre cerveau.<\/p>\n\n\n\n<p id=\"block-d3d910b0-11e9-4f39-b74d-5c9469df509f\">Le rythme des sessions est de 2 par semaine que l\u2019on pourra ensuite espacer.<br>Il n\u2019y a aucun ph\u00e9nom\u00e8ne d\u2019addiction aux s\u00e9ances de Neurofeedback.<\/p>\n","protected":false},"excerpt":{"rendered":"<p>Comment se d\u00e9roule une session de Neurofeedback\u00ae? Nombre et rythme des sessions de Neurofeedback\u00ae Les r\u00e9actions du syst\u00e8me nerveux central sont sp\u00e9cifiques et uniques \u00e0 chaque individu. Chaque cerveau travaille \u00e0 son propre rythme, conna\u00eet ses priorit\u00e9s d\u2019intervention, et sait quelles orientations il doit prendre. On ne peut donc pas pr\u00e9dire le temps qui sera [&hellip;]<\/p>\n","protected":false},"author":1,"featured_media":0,"parent":0,"menu_order":0,"comment_status":"closed","ping_status":"closed","template":"","meta":{"ocean_post_layout":"","ocean_both_sidebars_style":"","ocean_both_sidebars_content_width":0,"ocean_both_sidebars_sidebars_width":0,"ocean_sidebar":"","ocean_second_sidebar":"","ocean_disable_margins":"enable","ocean_add_body_class":"","ocean_shortcode_before_top_bar":"","ocean_shortcode_after_top_bar":"","ocean_shortcode_before_header":"","ocean_shortcode_after_header":"","ocean_has_shortcode":"","ocean_shortcode_after_title":"","ocean_shortcode_before_footer_widgets":"","ocean_shortcode_after_footer_widgets":"","ocean_shortcode_before_footer_bottom":"","ocean_shortcode_after_footer_bottom":"","ocean_display_top_bar":"default","ocean_display_header":"default","ocean_header_style":"","ocean_center_header_left_menu":"","ocean_custom_header_template":"","ocean_custom_logo":0,"ocean_custom_retina_logo":0,"ocean_custom_logo_max_width":0,"ocean_custom_logo_tablet_max_width":0,"ocean_custom_logo_mobile_max_width":0,"ocean_custom_logo_max_height":0,"ocean_custom_logo_tablet_max_height":0,"ocean_custom_logo_mobile_max_height":0,"ocean_header_custom_menu":"","ocean_menu_typo_font_family":"","ocean_menu_typo_font_subset":"","ocean_menu_typo_font_size":0,"ocean_menu_typo_font_size_tablet":0,"ocean_menu_typo_font_size_mobile":0,"ocean_menu_typo_font_size_unit":"px","ocean_menu_typo_font_weight":"","ocean_menu_typo_font_weight_tablet":"","ocean_menu_typo_font_weight_mobile":"","ocean_menu_typo_transform":"","ocean_menu_typo_transform_tablet":"","ocean_menu_typo_transform_mobile":"","ocean_menu_typo_line_height":0,"ocean_menu_typo_line_height_tablet":0,"ocean_menu_typo_line_height_mobile":0,"ocean_menu_typo_line_height_unit":"","ocean_menu_typo_spacing":0,"ocean_menu_typo_spacing_tablet":0,"ocean_menu_typo_spacing_mobile":0,"ocean_menu_typo_spacing_unit":"","ocean_menu_link_color":"","ocean_menu_link_color_hover":"","ocean_menu_link_color_active":"","ocean_menu_link_background":"","ocean_menu_link_hover_background":"","ocean_menu_link_active_background":"","ocean_menu_social_links_bg":"","ocean_menu_social_hover_links_bg":"","ocean_menu_social_links_color":"","ocean_menu_social_hover_links_color":"","ocean_disable_title":"default","ocean_disable_heading":"default","ocean_post_title":"","ocean_post_subheading":"","ocean_post_title_style":"","ocean_post_title_background_color":"","ocean_post_title_background":0,"ocean_post_title_bg_image_position":"","ocean_post_title_bg_image_attachment":"","ocean_post_title_bg_image_repeat":"","ocean_post_title_bg_image_size":"","ocean_post_title_height":0,"ocean_post_title_bg_overlay":0.5,"ocean_post_title_bg_overlay_color":"","ocean_disable_breadcrumbs":"default","ocean_breadcrumbs_color":"","ocean_breadcrumbs_separator_color":"","ocean_breadcrumbs_links_color":"","ocean_breadcrumbs_links_hover_color":"","ocean_display_footer_widgets":"default","ocean_display_footer_bottom":"default","ocean_custom_footer_template":"","footnotes":""},"class_list":["post-31","page","type-page","status-publish","hentry","entry"],"yoast_head":"<!-- This site is optimized with the Yoast SEO plugin v25.1 - https:\/\/yoast.com\/wordpress\/plugins\/seo\/ -->\n<title>SEANCES - La Maison du Neurofeedback Caen<\/title>\n<meta name=\"robots\" content=\"index, follow, max-snippet:-1, max-image-preview:large, max-video-preview:-1\" \/>\n<link rel=\"canonical\" href=\"https:\/\/maison-neurofeedback.fr\/?page_id=31\" \/>\n<meta property=\"og:locale\" content=\"fr_FR\" \/>\n<meta property=\"og:type\" content=\"article\" \/>\n<meta property=\"og:title\" content=\"SEANCES - La Maison du Neurofeedback Caen\" \/>\n<meta property=\"og:description\" content=\"Comment se d\u00e9roule une session de Neurofeedback\u00ae? Nombre et rythme des sessions de Neurofeedback\u00ae Les r\u00e9actions du syst\u00e8me nerveux central sont sp\u00e9cifiques et uniques \u00e0 chaque individu. Chaque cerveau travaille \u00e0 son propre rythme, conna\u00eet ses priorit\u00e9s d\u2019intervention, et sait quelles orientations il doit prendre. On ne peut donc pas pr\u00e9dire le temps qui sera [&hellip;]\" \/>\n<meta property=\"og:url\" content=\"https:\/\/maison-neurofeedback.fr\/?page_id=31\" \/>\n<meta property=\"og:site_name\" content=\"La Maison du Neurofeedback Caen\" \/>\n<meta property=\"article:modified_time\" content=\"2025-05-23T09:39:06+00:00\" \/>\n<meta property=\"og:image\" content=\"https:\/\/maison-neurofeedback.fr\/wp-content\/uploads\/2025\/05\/monsieur.jpg\" \/>\n\t<meta property=\"og:image:width\" content=\"683\" \/>\n\t<meta property=\"og:image:height\" content=\"1024\" \/>\n\t<meta property=\"og:image:type\" content=\"image\/jpeg\" \/>\n<meta name=\"twitter:card\" content=\"summary_large_image\" \/>\n<meta name=\"twitter:label1\" content=\"Dur\u00e9e de lecture estim\u00e9e\" \/>\n\t<meta name=\"twitter:data1\" content=\"2 minutes\" \/>\n<script type=\"application\/ld+json\" class=\"yoast-schema-graph\">{\"@context\":\"https:\/\/schema.org\",\"@graph\":[{\"@type\":\"WebPage\",\"@id\":\"https:\/\/maison-neurofeedback.fr\/?page_id=31\",\"url\":\"https:\/\/maison-neurofeedback.fr\/?page_id=31\",\"name\":\"SEANCES - La Maison du Neurofeedback Caen\",\"isPartOf\":{\"@id\":\"https:\/\/maison-neurofeedback.fr\/#website\"},\"primaryImageOfPage\":{\"@id\":\"https:\/\/maison-neurofeedback.fr\/?page_id=31#primaryimage\"},\"image\":{\"@id\":\"https:\/\/maison-neurofeedback.fr\/?page_id=31#primaryimage\"},\"thumbnailUrl\":\"http:\/\/127.0.0.1:8000\/wp-content\/uploads\/2025\/05\/monsieur.jpg\",\"datePublished\":\"2025-05-13T12:03:21+00:00\",\"dateModified\":\"2025-05-23T09:39:06+00:00\",\"breadcrumb\":{\"@id\":\"https:\/\/maison-neurofeedback.fr\/?page_id=31#breadcrumb\"},\"inLanguage\":\"fr-FR\",\"potentialAction\":[{\"@type\":\"ReadAction\",\"target\":[\"https:\/\/maison-neurofeedback.fr\/?page_id=31\"]}]},{\"@type\":\"ImageObject\",\"inLanguage\":\"fr-FR\",\"@id\":\"https:\/\/maison-neurofeedback.fr\/?page_id=31#primaryimage\",\"url\":\"http:\/\/127.0.0.1:8000\/wp-content\/uploads\/2025\/05\/monsieur.jpg\",\"contentUrl\":\"http:\/\/127.0.0.1:8000\/wp-content\/uploads\/2025\/05\/monsieur.jpg\"},{\"@type\":\"BreadcrumbList\",\"@id\":\"https:\/\/maison-neurofeedback.fr\/?page_id=31#breadcrumb\",\"itemListElement\":[{\"@type\":\"ListItem\",\"position\":1,\"name\":\"Accueil\",\"item\":\"https:\/\/maison-neurofeedback.fr\/\"},{\"@type\":\"ListItem\",\"position\":2,\"name\":\"SEANCES\"}]},{\"@type\":\"WebSite\",\"@id\":\"https:\/\/maison-neurofeedback.fr\/#website\",\"url\":\"https:\/\/maison-neurofeedback.fr\/\",\"name\":\"La Maison du Neurofeedback Caen\",\"description\":\"\",\"publisher\":{\"@id\":\"https:\/\/maison-neurofeedback.fr\/#organization\"},\"potentialAction\":[{\"@type\":\"SearchAction\",\"target\":{\"@type\":\"EntryPoint\",\"urlTemplate\":\"https:\/\/maison-neurofeedback.fr\/?s={search_term_string}\"},\"query-input\":{\"@type\":\"PropertyValueSpecification\",\"valueRequired\":true,\"valueName\":\"search_term_string\"}}],\"inLanguage\":\"fr-FR\"},{\"@type\":\"Organization\",\"@id\":\"https:\/\/maison-neurofeedback.fr\/#organization\",\"name\":\"La Maison du Neurofeedback Caen\",\"url\":\"https:\/\/maison-neurofeedback.fr\/\",\"logo\":{\"@type\":\"ImageObject\",\"inLanguage\":\"fr-FR\",\"@id\":\"https:\/\/maison-neurofeedback.fr\/#\/schema\/logo\/image\/\",\"url\":\"http:\/\/127.0.0.1:8000\/wp-content\/uploads\/2025\/05\/logo.png\",\"contentUrl\":\"http:\/\/127.0.0.1:8000\/wp-content\/uploads\/2025\/05\/logo.png\",\"width\":215,\"height\":215,\"caption\":\"La Maison du Neurofeedback Caen\"},\"image\":{\"@id\":\"https:\/\/maison-neurofeedback.fr\/#\/schema\/logo\/image\/\"}}]}<\/script>\n<!-- \/ Yoast SEO plugin. -->","yoast_head_json":{"title":"SEANCES - La Maison du Neurofeedback Caen","robots":{"index":"index","follow":"follow","max-snippet":"max-snippet:-1","max-image-preview":"max-image-preview:large","max-video-preview":"max-video-preview:-1"},"canonical":"https:\/\/maison-neurofeedback.fr\/?page_id=31","og_locale":"fr_FR","og_type":"article","og_title":"SEANCES - La Maison du Neurofeedback Caen","og_description":"Comment se d\u00e9roule une session de Neurofeedback\u00ae? Nombre et rythme des sessions de Neurofeedback\u00ae Les r\u00e9actions du syst\u00e8me nerveux central sont sp\u00e9cifiques et uniques \u00e0 chaque individu. Chaque cerveau travaille \u00e0 son propre rythme, conna\u00eet ses priorit\u00e9s d\u2019intervention, et sait quelles orientations il doit prendre. On ne peut donc pas pr\u00e9dire le temps qui sera [&hellip;]","og_url":"https:\/\/maison-neurofeedback.fr\/?page_id=31","og_site_name":"La Maison du Neurofeedback Caen","article_modified_time":"2025-05-23T09:39:06+00:00","og_image":[{"width":683,"height":1024,"url":"https:\/\/maison-neurofeedback.fr\/wp-content\/uploads\/2025\/05\/monsieur.jpg","type":"image\/jpeg"}],"twitter_card":"summary_large_image","twitter_misc":{"Dur\u00e9e de lecture estim\u00e9e":"2 minutes"},"schema":{"@context":"https:\/\/schema.org","@graph":[{"@type":"WebPage","@id":"https:\/\/maison-neurofeedback.fr\/?page_id=31","url":"https:\/\/maison-neurofeedback.fr\/?page_id=31","name":"SEANCES - La Maison du Neurofeedback Caen","isPartOf":{"@id":"https:\/\/maison-neurofeedback.fr\/#website"},"primaryImageOfPage":{"@id":"https:\/\/maison-neurofeedback.fr\/?page_id=31#primaryimage"},"image":{"@id":"https:\/\/maison-neurofeedback.fr\/?page_id=31#primaryimage"},"thumbnailUrl":"http:\/\/127.0.0.1:8000\/wp-content\/uploads\/2025\/05\/monsieur.jpg","datePublished":"2025-05-13T12:03:21+00:00","dateModified":"2025-05-23T09:39:06+00:00","breadcrumb":{"@id":"https:\/\/maison-neurofeedback.fr\/?page_id=31#breadcrumb"},"inLanguage":"fr-FR","potentialAction":[{"@type":"ReadAction","target":["https:\/\/maison-neurofeedback.fr\/?page_id=31"]}]},{"@type":"ImageObject","inLanguage":"fr-FR","@id":"https:\/\/maison-neurofeedback.fr\/?page_id=31#primaryimage","url":"http:\/\/127.0.0.1:8000\/wp-content\/uploads\/2025\/05\/monsieur.jpg","contentUrl":"http:\/\/127.0.0.1:8000\/wp-content\/uploads\/2025\/05\/monsieur.jpg"},{"@type":"BreadcrumbList","@id":"https:\/\/maison-neurofeedback.fr\/?page_id=31#breadcrumb","itemListElement":[{"@type":"ListItem","position":1,"name":"Accueil","item":"https:\/\/maison-neurofeedback.fr\/"},{"@type":"ListItem","position":2,"name":"SEANCES"}]},{"@type":"WebSite","@id":"https:\/\/maison-neurofeedback.fr\/#website","url":"https:\/\/maison-neurofeedback.fr\/","name":"La Maison du Neurofeedback Caen","description":"","publisher":{"@id":"https:\/\/maison-neurofeedback.fr\/#organization"},"potentialAction":[{"@type":"SearchAction","target":{"@type":"EntryPoint","urlTemplate":"https:\/\/maison-neurofeedback.fr\/?s={search_term_string}"},"query-input":{"@type":"PropertyValueSpecification","valueRequired":true,"valueName":"search_term_string"}}],"inLanguage":"fr-FR"},{"@type":"Organization","@id":"https:\/\/maison-neurofeedback.fr\/#organization","name":"La Maison du Neurofeedback Caen","url":"https:\/\/maison-neurofeedback.fr\/","logo":{"@type":"ImageObject","inLanguage":"fr-FR","@id":"https:\/\/maison-neurofeedback.fr\/#\/schema\/logo\/image\/","url":"http:\/\/127.0.0.1:8000\/wp-content\/uploads\/2025\/05\/logo.png","contentUrl":"http:\/\/127.0.0.1:8000\/wp-content\/uploads\/2025\/05\/logo.png","width":215,"height":215,"caption":"La Maison du Neurofeedback Caen"},"image":{"@id":"https:\/\/maison-neurofeedback.fr\/#\/schema\/logo\/image\/"}}]}},"_links":{"self":[{"href":"https:\/\/maison-neurofeedback.fr\/index.php?rest_route=\/wp\/v2\/pages\/31","targetHints":{"allow":["GET"]}}],"collection":[{"href":"https:\/\/maison-neurofeedback.fr\/index.php?rest_route=\/wp\/v2\/pages"}],"about":[{"href":"https:\/\/maison-neurofeedback.fr\/index.php?rest_route=\/wp\/v2\/types\/page"}],"author":[{"embeddable":true,"href":"https:\/\/maison-neurofeedback.fr\/index.php?rest_route=\/wp\/v2\/users\/1"}],"replies":[{"embeddable":true,"href":"https:\/\/maison-neurofeedback.fr\/index.php?rest_route=%2Fwp%2Fv2%2Fcomments&post=31"}],"version-history":[{"count":6,"href":"https:\/\/maison-neurofeedback.fr\/index.php?rest_route=\/wp\/v2\/pages\/31\/revisions"}],"predecessor-version":[{"id":356,"href":"https:\/\/maison-neurofeedback.fr\/index.php?rest_route=\/wp\/v2\/pages\/31\/revisions\/356"}],"wp:attachment":[{"href":"https:\/\/maison-neurofeedback.fr\/index.php?rest_route=%2Fwp%2Fv2%2Fmedia&parent=31"}],"curies":[{"name":"wp","href":"https:\/\/api.w.org\/{rel}","templated":true}]}}