{"id":62,"date":"2025-05-14T12:16:36","date_gmt":"2025-05-14T10:16:36","guid":{"rendered":"http:\/\/127.0.0.1:8000\/?page_id=62"},"modified":"2026-02-12T09:40:04","modified_gmt":"2026-02-12T08:40:04","slug":"temoignages","status":"publish","type":"page","link":"https:\/\/maison-neurofeedback.fr\/?page_id=62","title":{"rendered":"TEMOIGNAGES"},"content":{"rendered":"\n<hr class=\"wp-block-separator has-alpha-channel-opacity\"\/>\n\n\n\n<h3 class=\"wp-block-heading has-vivid-cyan-blue-color has-text-color has-link-color wp-elements-bdb12bdf76f29ffae8ac3c728c0377ff\">Stress, anxi\u00e9t\u00e9, charge mentale, burn-out, d\u00e9pression<\/h3>\n\n\n\n<p><strong>Marion, 42 ans<\/strong><br>\u00ab Apr\u00e8s 8 s\u00e9ances de neurofeedback, j\u2019ai constat\u00e9 la disparition de mes crises d\u2019angoisse, ma tension art\u00e9rielle est redevenue normale, mon sommeil est r\u00e9parateur et mon moral s\u2019est am\u00e9lior\u00e9. \u00bb<\/p>\n\n\n\n<p><strong>Lydia, 50 ans<\/strong><br>\u00ab J\u2019ai suivi 10 s\u00e9ances. Mon sommeil s\u2019est am\u00e9lior\u00e9, ma m\u00e9moire aussi, mes pens\u00e9es obsessionnelles ont diminu\u00e9. J\u2019ai aussi r\u00e9cup\u00e9r\u00e9 la motricit\u00e9 de mon \u00e9paule fig\u00e9e depuis une tendinite. \u00bb<\/p>\n\n\n\n<p><strong>Yolande<\/strong><br>\u00ab Suite \u00e0 un burn-out, j\u2019ai retrouv\u00e9 un sommeil de qualit\u00e9, une meilleure concentration, une stabilit\u00e9 \u00e9motionnelle et la capacit\u00e9 de me projeter \u00e0 nouveau dans l\u2019avenir. \u00bb<\/p>\n\n\n\n<hr class=\"wp-block-separator has-alpha-channel-opacity\"\/>\n\n\n\n<h3 class=\"wp-block-heading has-vivid-cyan-blue-color has-text-color has-link-color wp-elements-3c1b09f5ac4977d909debc3e24d91637\">Insomnies, migraines, acouph\u00e8nes, douleurs chroniques<\/h3>\n\n\n\n<p><strong>Marie-Christine, 62 ans<\/strong><br>\u00ab Apr\u00e8s 6 s\u00e9ances, mes migraines ont disparu, je dors mieux, mes acouph\u00e8nes se sont att\u00e9nu\u00e9s. \u00bb<\/p>\n\n\n\n<p><strong>Micheline Merlo<\/strong><br>\u00ab Je souffrais de migraines, d\u2019acouph\u00e8nes et de douleurs articulaires. Apr\u00e8s deux s\u00e9ances seulement, j\u2019ai remarqu\u00e9 une am\u00e9lioration significative. \u00bb<\/p>\n\n\n\n<p><strong>Val\u00e9rie T.<\/strong><br>\u00ab J\u2019ai fait une dizaine de s\u00e9ances. Mon sommeil est plus profond, mes acouph\u00e8nes ont disparu, je me concentre mieux et mes migraines sont moins fr\u00e9quentes et moins fortes. \u00bb<\/p>\n\n\n\n<hr class=\"wp-block-separator has-alpha-channel-opacity\"\/>\n\n\n\n<h3 class=\"wp-block-heading has-vivid-cyan-blue-color has-text-color has-link-color wp-elements-0f79de85af109308c97002a85667da1e\">Manque de concentration, hyperactivit\u00e9, troubles de l\u2019attention, troubles dys<\/h3>\n\n\n\n<p><strong>Etienne, 8 ans<\/strong><br>\u00ab Je suis moins agit\u00e9 \u00e0 la maison et \u00e0 l\u2019\u00e9cole. J\u2019\u00e9cris mieux. Ma ma\u00eetresse dit que je suis un autre \u00e9l\u00e8ve. \u00bb<\/p>\n\n\n\n<p><strong>Jennifer, 12 ans<\/strong><br>\u00ab J\u2019ai des troubles dys, un TDA et une phobie scolaire. Gr\u00e2ce au neurofeedback, je suis moins stress\u00e9e, je me concentre mieux et ma phobie a disparu. \u00bb<\/p>\n\n\n\n<p><strong>Floriane, 11 ans<\/strong><br>\u00ab Je me sens plus \u00e9panouie et sereine depuis que je fais du neurofeedback. \u00bb<\/p>\n\n\n\n<hr class=\"wp-block-separator has-alpha-channel-opacity\"\/>\n\n\n\n<h3 class=\"wp-block-heading has-vivid-cyan-blue-color has-text-color has-link-color wp-elements-0280349d8cf56dac4c7c7fbd4c968383\">TOC, phobies, addictions<\/h3>\n\n\n\n<p><strong>Un jeune homme de 21 ans<\/strong><br>\u00ab J\u2019avais des pens\u00e9es obsessionnelles et envahissantes. Apr\u00e8s 11 s\u00e9ances, elles ont disparu. C\u2019est la premi\u00e8re fois que ma t\u00eate est silencieuse. \u00bb<\/p>\n\n\n\n<p><strong>Une maman stress\u00e9e<\/strong><br>\u00ab J\u2019ai appris \u00e0 mieux g\u00e9rer mon stress. Je suis plus d\u00e9tendue. Je peux maintenant prendre l\u2019ascenseur sans angoisse. \u00bb<\/p>\n\n\n\n<p><strong>Aur\u00e9lie, 20 ans<\/strong><br>\u00ab J\u2019\u00e9tais boulimique. Apr\u00e8s 6 s\u00e9ances, j\u2019ai senti mes pulsions alimentaires diminuer. \u00bb<\/p>\n\n\n\n<hr class=\"wp-block-separator has-alpha-channel-opacity\"\/>\n\n\n\n<h3 class=\"wp-block-heading has-vivid-cyan-blue-color has-text-color has-link-color wp-elements-33348f45f90e4a8e9ba39af8dcc9c4fd\">Fatigue chronique, douleurs chroniques<\/h3>\n\n\n\n<p><strong>Marie-Ange<\/strong><br>\u00ab Apr\u00e8s 10 s\u00e9ances, j\u2019ai arr\u00eat\u00e9 tous mes m\u00e9dicaments (somnif\u00e8res, antid\u00e9presseurs, antidouleurs) et je me sens tr\u00e8s bien. Je continue les s\u00e9ances pour consolider. \u00bb<\/p>\n\n\n\n<p><\/p>\n\n\n\n<p class=\"has-vivid-cyan-blue-color has-text-color has-link-color wp-elements-2a03b3fed3a9b73296d068a82620945f\">SPORT <\/p>\n\n\n\n<p>Cl\u00e9ment<br>\u00ab \u00ab\u00a0Le neurofeedback m\u2019a aid\u00e9 \u00e0 mieux g\u00e9rer mon stress en comp\u00e9tition et \u00e0 rester concentr\u00e9 du d\u00e9but \u00e0 la fin. D\u00e8s la 3e s\u00e9ance, j\u2019ai senti une vraie diff\u00e9rence : plus de lucidit\u00e9 dans l\u2019effort, moins de pens\u00e9es parasites. Aujourd\u2019hui, c\u2019est un outil cl\u00e9 dans ma pr\u00e9paration mentale.\u00a0\u00bb<\/p>\n\n\n\n<p><\/p>\n","protected":false},"excerpt":{"rendered":"<p>Stress, anxi\u00e9t\u00e9, charge mentale, burn-out, d\u00e9pression Marion, 42 ans\u00ab Apr\u00e8s 8 s\u00e9ances de neurofeedback, j\u2019ai constat\u00e9 la disparition de mes crises d\u2019angoisse, ma tension art\u00e9rielle est redevenue normale, mon sommeil est r\u00e9parateur et mon moral s\u2019est am\u00e9lior\u00e9. \u00bb Lydia, 50 ans\u00ab J\u2019ai suivi 10 s\u00e9ances. Mon sommeil s\u2019est am\u00e9lior\u00e9, ma m\u00e9moire aussi, mes pens\u00e9es obsessionnelles [&hellip;]<\/p>\n","protected":false},"author":1,"featured_media":0,"parent":0,"menu_order":0,"comment_status":"closed","ping_status":"closed","template":"","meta":{"ocean_post_layout":"","ocean_both_sidebars_style":"","ocean_both_sidebars_content_width":0,"ocean_both_sidebars_sidebars_width":0,"ocean_sidebar":"","ocean_second_sidebar":"","ocean_disable_margins":"enable","ocean_add_body_class":"","ocean_shortcode_before_top_bar":"","ocean_shortcode_after_top_bar":"","ocean_shortcode_before_header":"","ocean_shortcode_after_header":"","ocean_has_shortcode":"","ocean_shortcode_after_title":"","ocean_shortcode_before_footer_widgets":"","ocean_shortcode_after_footer_widgets":"","ocean_shortcode_before_footer_bottom":"","ocean_shortcode_after_footer_bottom":"","ocean_display_top_bar":"default","ocean_display_header":"default","ocean_header_style":"","ocean_center_header_left_menu":"","ocean_custom_header_template":"","ocean_custom_logo":0,"ocean_custom_retina_logo":0,"ocean_custom_logo_max_width":0,"ocean_custom_logo_tablet_max_width":0,"ocean_custom_logo_mobile_max_width":0,"ocean_custom_logo_max_height":0,"ocean_custom_logo_tablet_max_height":0,"ocean_custom_logo_mobile_max_height":0,"ocean_header_custom_menu":"","ocean_menu_typo_font_family":"","ocean_menu_typo_font_subset":"","ocean_menu_typo_font_size":0,"ocean_menu_typo_font_size_tablet":0,"ocean_menu_typo_font_size_mobile":0,"ocean_menu_typo_font_size_unit":"px","ocean_menu_typo_font_weight":"","ocean_menu_typo_font_weight_tablet":"","ocean_menu_typo_font_weight_mobile":"","ocean_menu_typo_transform":"","ocean_menu_typo_transform_tablet":"","ocean_menu_typo_transform_mobile":"","ocean_menu_typo_line_height":0,"ocean_menu_typo_line_height_tablet":0,"ocean_menu_typo_line_height_mobile":0,"ocean_menu_typo_line_height_unit":"","ocean_menu_typo_spacing":0,"ocean_menu_typo_spacing_tablet":0,"ocean_menu_typo_spacing_mobile":0,"ocean_menu_typo_spacing_unit":"","ocean_menu_link_color":"","ocean_menu_link_color_hover":"","ocean_menu_link_color_active":"","ocean_menu_link_background":"","ocean_menu_link_hover_background":"","ocean_menu_link_active_background":"","ocean_menu_social_links_bg":"","ocean_menu_social_hover_links_bg":"","ocean_menu_social_links_color":"","ocean_menu_social_hover_links_color":"","ocean_disable_title":"default","ocean_disable_heading":"default","ocean_post_title":"","ocean_post_subheading":"","ocean_post_title_style":"","ocean_post_title_background_color":"","ocean_post_title_background":0,"ocean_post_title_bg_image_position":"","ocean_post_title_bg_image_attachment":"","ocean_post_title_bg_image_repeat":"","ocean_post_title_bg_image_size":"","ocean_post_title_height":0,"ocean_post_title_bg_overlay":0.5,"ocean_post_title_bg_overlay_color":"","ocean_disable_breadcrumbs":"default","ocean_breadcrumbs_color":"","ocean_breadcrumbs_separator_color":"","ocean_breadcrumbs_links_color":"","ocean_breadcrumbs_links_hover_color":"","ocean_display_footer_widgets":"default","ocean_display_footer_bottom":"default","ocean_custom_footer_template":"","footnotes":""},"class_list":["post-62","page","type-page","status-publish","hentry","entry"],"yoast_head":"<!-- This site is optimized with the Yoast SEO plugin v25.1 - https:\/\/yoast.com\/wordpress\/plugins\/seo\/ -->\n<title>TEMOIGNAGES - La Maison du Neurofeedback Caen<\/title>\n<meta name=\"robots\" content=\"index, follow, max-snippet:-1, max-image-preview:large, max-video-preview:-1\" \/>\n<link rel=\"canonical\" href=\"https:\/\/maison-neurofeedback.fr\/?page_id=62\" \/>\n<meta property=\"og:locale\" content=\"fr_FR\" \/>\n<meta property=\"og:type\" content=\"article\" \/>\n<meta property=\"og:title\" content=\"TEMOIGNAGES - La Maison du Neurofeedback Caen\" \/>\n<meta property=\"og:description\" content=\"Stress, anxi\u00e9t\u00e9, charge mentale, burn-out, d\u00e9pression Marion, 42 ans\u00ab Apr\u00e8s 8 s\u00e9ances de neurofeedback, j\u2019ai constat\u00e9 la disparition de mes crises d\u2019angoisse, ma tension art\u00e9rielle est redevenue normale, mon sommeil est r\u00e9parateur et mon moral s\u2019est am\u00e9lior\u00e9. \u00bb Lydia, 50 ans\u00ab J\u2019ai suivi 10 s\u00e9ances. Mon sommeil s\u2019est am\u00e9lior\u00e9, ma m\u00e9moire aussi, mes pens\u00e9es obsessionnelles [&hellip;]\" \/>\n<meta property=\"og:url\" content=\"https:\/\/maison-neurofeedback.fr\/?page_id=62\" \/>\n<meta property=\"og:site_name\" content=\"La Maison du Neurofeedback Caen\" \/>\n<meta property=\"article:modified_time\" content=\"2026-02-12T08:40:04+00:00\" \/>\n<meta name=\"twitter:card\" content=\"summary_large_image\" \/>\n<meta name=\"twitter:label1\" content=\"Dur\u00e9e de lecture estim\u00e9e\" \/>\n\t<meta name=\"twitter:data1\" content=\"2 minutes\" \/>\n<script type=\"application\/ld+json\" class=\"yoast-schema-graph\">{\"@context\":\"https:\/\/schema.org\",\"@graph\":[{\"@type\":\"WebPage\",\"@id\":\"https:\/\/maison-neurofeedback.fr\/?page_id=62\",\"url\":\"https:\/\/maison-neurofeedback.fr\/?page_id=62\",\"name\":\"TEMOIGNAGES - La Maison du Neurofeedback Caen\",\"isPartOf\":{\"@id\":\"https:\/\/maison-neurofeedback.fr\/#website\"},\"datePublished\":\"2025-05-14T10:16:36+00:00\",\"dateModified\":\"2026-02-12T08:40:04+00:00\",\"breadcrumb\":{\"@id\":\"https:\/\/maison-neurofeedback.fr\/?page_id=62#breadcrumb\"},\"inLanguage\":\"fr-FR\",\"potentialAction\":[{\"@type\":\"ReadAction\",\"target\":[\"https:\/\/maison-neurofeedback.fr\/?page_id=62\"]}]},{\"@type\":\"BreadcrumbList\",\"@id\":\"https:\/\/maison-neurofeedback.fr\/?page_id=62#breadcrumb\",\"itemListElement\":[{\"@type\":\"ListItem\",\"position\":1,\"name\":\"Accueil\",\"item\":\"https:\/\/maison-neurofeedback.fr\/\"},{\"@type\":\"ListItem\",\"position\":2,\"name\":\"TEMOIGNAGES\"}]},{\"@type\":\"WebSite\",\"@id\":\"https:\/\/maison-neurofeedback.fr\/#website\",\"url\":\"https:\/\/maison-neurofeedback.fr\/\",\"name\":\"La Maison du Neurofeedback Caen\",\"description\":\"\",\"publisher\":{\"@id\":\"https:\/\/maison-neurofeedback.fr\/#organization\"},\"potentialAction\":[{\"@type\":\"SearchAction\",\"target\":{\"@type\":\"EntryPoint\",\"urlTemplate\":\"https:\/\/maison-neurofeedback.fr\/?s={search_term_string}\"},\"query-input\":{\"@type\":\"PropertyValueSpecification\",\"valueRequired\":true,\"valueName\":\"search_term_string\"}}],\"inLanguage\":\"fr-FR\"},{\"@type\":\"Organization\",\"@id\":\"https:\/\/maison-neurofeedback.fr\/#organization\",\"name\":\"La Maison du Neurofeedback Caen\",\"url\":\"https:\/\/maison-neurofeedback.fr\/\",\"logo\":{\"@type\":\"ImageObject\",\"inLanguage\":\"fr-FR\",\"@id\":\"https:\/\/maison-neurofeedback.fr\/#\/schema\/logo\/image\/\",\"url\":\"http:\/\/127.0.0.1:8000\/wp-content\/uploads\/2025\/05\/logo.png\",\"contentUrl\":\"http:\/\/127.0.0.1:8000\/wp-content\/uploads\/2025\/05\/logo.png\",\"width\":215,\"height\":215,\"caption\":\"La Maison du Neurofeedback Caen\"},\"image\":{\"@id\":\"https:\/\/maison-neurofeedback.fr\/#\/schema\/logo\/image\/\"}}]}<\/script>\n<!-- \/ Yoast SEO plugin. -->","yoast_head_json":{"title":"TEMOIGNAGES - La Maison du Neurofeedback Caen","robots":{"index":"index","follow":"follow","max-snippet":"max-snippet:-1","max-image-preview":"max-image-preview:large","max-video-preview":"max-video-preview:-1"},"canonical":"https:\/\/maison-neurofeedback.fr\/?page_id=62","og_locale":"fr_FR","og_type":"article","og_title":"TEMOIGNAGES - La Maison du Neurofeedback Caen","og_description":"Stress, anxi\u00e9t\u00e9, charge mentale, burn-out, d\u00e9pression Marion, 42 ans\u00ab Apr\u00e8s 8 s\u00e9ances de neurofeedback, j\u2019ai constat\u00e9 la disparition de mes crises d\u2019angoisse, ma tension art\u00e9rielle est redevenue normale, mon sommeil est r\u00e9parateur et mon moral s\u2019est am\u00e9lior\u00e9. \u00bb Lydia, 50 ans\u00ab J\u2019ai suivi 10 s\u00e9ances. Mon sommeil s\u2019est am\u00e9lior\u00e9, ma m\u00e9moire aussi, mes pens\u00e9es obsessionnelles [&hellip;]","og_url":"https:\/\/maison-neurofeedback.fr\/?page_id=62","og_site_name":"La Maison du Neurofeedback Caen","article_modified_time":"2026-02-12T08:40:04+00:00","twitter_card":"summary_large_image","twitter_misc":{"Dur\u00e9e de lecture estim\u00e9e":"2 minutes"},"schema":{"@context":"https:\/\/schema.org","@graph":[{"@type":"WebPage","@id":"https:\/\/maison-neurofeedback.fr\/?page_id=62","url":"https:\/\/maison-neurofeedback.fr\/?page_id=62","name":"TEMOIGNAGES - La Maison du Neurofeedback Caen","isPartOf":{"@id":"https:\/\/maison-neurofeedback.fr\/#website"},"datePublished":"2025-05-14T10:16:36+00:00","dateModified":"2026-02-12T08:40:04+00:00","breadcrumb":{"@id":"https:\/\/maison-neurofeedback.fr\/?page_id=62#breadcrumb"},"inLanguage":"fr-FR","potentialAction":[{"@type":"ReadAction","target":["https:\/\/maison-neurofeedback.fr\/?page_id=62"]}]},{"@type":"BreadcrumbList","@id":"https:\/\/maison-neurofeedback.fr\/?page_id=62#breadcrumb","itemListElement":[{"@type":"ListItem","position":1,"name":"Accueil","item":"https:\/\/maison-neurofeedback.fr\/"},{"@type":"ListItem","position":2,"name":"TEMOIGNAGES"}]},{"@type":"WebSite","@id":"https:\/\/maison-neurofeedback.fr\/#website","url":"https:\/\/maison-neurofeedback.fr\/","name":"La Maison du Neurofeedback Caen","description":"","publisher":{"@id":"https:\/\/maison-neurofeedback.fr\/#organization"},"potentialAction":[{"@type":"SearchAction","target":{"@type":"EntryPoint","urlTemplate":"https:\/\/maison-neurofeedback.fr\/?s={search_term_string}"},"query-input":{"@type":"PropertyValueSpecification","valueRequired":true,"valueName":"search_term_string"}}],"inLanguage":"fr-FR"},{"@type":"Organization","@id":"https:\/\/maison-neurofeedback.fr\/#organization","name":"La Maison du Neurofeedback Caen","url":"https:\/\/maison-neurofeedback.fr\/","logo":{"@type":"ImageObject","inLanguage":"fr-FR","@id":"https:\/\/maison-neurofeedback.fr\/#\/schema\/logo\/image\/","url":"http:\/\/127.0.0.1:8000\/wp-content\/uploads\/2025\/05\/logo.png","contentUrl":"http:\/\/127.0.0.1:8000\/wp-content\/uploads\/2025\/05\/logo.png","width":215,"height":215,"caption":"La Maison du Neurofeedback Caen"},"image":{"@id":"https:\/\/maison-neurofeedback.fr\/#\/schema\/logo\/image\/"}}]}},"_links":{"self":[{"href":"https:\/\/maison-neurofeedback.fr\/index.php?rest_route=\/wp\/v2\/pages\/62","targetHints":{"allow":["GET"]}}],"collection":[{"href":"https:\/\/maison-neurofeedback.fr\/index.php?rest_route=\/wp\/v2\/pages"}],"about":[{"href":"https:\/\/maison-neurofeedback.fr\/index.php?rest_route=\/wp\/v2\/types\/page"}],"author":[{"embeddable":true,"href":"https:\/\/maison-neurofeedback.fr\/index.php?rest_route=\/wp\/v2\/users\/1"}],"replies":[{"embeddable":true,"href":"https:\/\/maison-neurofeedback.fr\/index.php?rest_route=%2Fwp%2Fv2%2Fcomments&post=62"}],"version-history":[{"count":9,"href":"https:\/\/maison-neurofeedback.fr\/index.php?rest_route=\/wp\/v2\/pages\/62\/revisions"}],"predecessor-version":[{"id":447,"href":"https:\/\/maison-neurofeedback.fr\/index.php?rest_route=\/wp\/v2\/pages\/62\/revisions\/447"}],"wp:attachment":[{"href":"https:\/\/maison-neurofeedback.fr\/index.php?rest_route=%2Fwp%2Fv2%2Fmedia&parent=62"}],"curies":[{"name":"wp","href":"https:\/\/api.w.org\/{rel}","templated":true}]}}